{"id":314,"date":"2022-04-22T11:04:52","date_gmt":"2022-04-22T09:04:52","guid":{"rendered":"http:\/\/lovinhome.lu\/?page_id=314"},"modified":"2022-04-22T15:25:58","modified_gmt":"2022-04-22T13:25:58","slug":"cookies-politik","status":"publish","type":"page","link":"https:\/\/lovinhome.lu\/lb\/cookies-politik\/","title":{"rendered":"Cookies Politik"},"content":{"rendered":"\n<h2 class=\"wp-block-heading\">1. WAS IST EIN COOKIE?<\/h2>\n\n\n\n<p>Ein Cookie (oder Cookie) wird vom HTTP-Kommunikationsprotokoll als eine von einem HTTP-Server an einen HTTP-Client gesendete Informationsfolge definiert, die der HTTP-Client bei jeder Abfrage desselben HTTP-Servers unter bestimmten Bedingungen zur\u00fcckgibt.<\/p>\n\n\n\n<p>Der Cookie entspricht einer kleinen Textdatei, die auf dem Terminal des Benutzers gespeichert ist.<\/p>\n\n\n\n<p>Er wird vom Web-Server als HTTP-Header an den Web-Browser gesendet, der ihn bei jedem Zugriff auf den Server unver\u00e4ndert zur\u00fcckgibt.<\/p>\n\n\n\n<p>Ein Cookie kann f\u00fcr die Authentifizierung, eine Sitzung (Statuspflege) und zum Speichern spezifischer Benutzerinformationen, wie zum Beispiel Website-Einstellungen oder den Inhalt eines elektronischen Einkaufswagens, verwendet werden.<\/p>\n\n\n\n<p>Da Cookies normalerweise als einfache Textdateien gespeichert werden, sind sie nicht ausf\u00fchrbar. Sie sind weder Spyware noch Viren.<\/p>\n\n\n\n<p>In den neuesten Browsern k\u00f6nnen Benutzer entscheiden, ob sie Cookies akzeptieren oder ablehnen. Benutzer k\u00f6nnen auch ausw\u00e4hlen, wie lange Cookies gespeichert werden. Die vollst\u00e4ndige Ablehnung von Cookies macht jedoch einige Websites unbrauchbar.<br>Speichern Sie beispielsweise Einkaufswagen oder Websites, f\u00fcr die beispielsweise eine Verbindung zu einem Kundenbereich erforderlich ist. Quelle:&nbsp;<a href=\"http:\/\/www.wikipedia.org\/\">www.wikipedia.org<\/a><\/p>\n\n\n\n<h2 class=\"wp-block-heading\">2. VERWENDUNG VON \u201eCOOKIES\u201c AUF UNSERER WEBSITE<\/h2>\n\n\n\n<p>Bei jeder Verbindung zu unserer Site k\u00f6nnen, abh\u00e4ngig von Ihrer Auswahl, verschiedene Cookies in Ihrem Terminal installiert werden, um beispielsweise den verwendeten Internetbrowser zu erkennen.<\/p>\n\n\n\n<p>Diese Cookies beziehen sich auf den tats\u00e4chlichen Betrieb der Website.<\/p>\n\n\n\n<p>Diese Cookies erm\u00f6glichen:<\/p>\n\n\n\n<p>die Erstellung von Statistiken \u00fcber die Nutzung der Elemente auf unserer Website (\u00dcberschriften, Unter\u00fcberschriften, Produkte, Dienstleistungen usw.), um die t\u00e4gliche Erfahrung Ihres Besuchs zu verbessern.<br>die Anpassung der Ergonomie und des UX-Designs unserer Website an die Pr\u00e4ferenzen der Anzeige Ihres Terminals (Sprache der Verwendung, Aufl\u00f6sung der Anzeige usw.) w\u00e4hrend Ihrer Navigation.<br>die Kombination Ihrer Kontaktdaten oder pers\u00f6nlichen Daten und Navigationsinformationen w\u00e4hrend Ihrer Registrierung oder Zugang zu unseren Produkten und Dienstleistungen, um Ihnen E-Mails zu senden, die Sie interessieren k\u00f6nnten.<br>Die Registrierung von Informationen in Bezug auf ein Formular, das Sie auf unserer Website ausgef\u00fcllt haben (Registrierung oder Zugang zu einem Kundenbereich zum Beispiel) oder zu unseren Produkten und Dienstleistungen (abonnierter Service oder Details einer Reservierung mit Beispiel) durch Ihren Internetbrowser.<br>Zugriff auf reservierte Bereiche der Navigation auf unserer Website, z. B. einen Kundenbereich, z. B. \u00fcber Kennungen und Daten, die Sie uns sp\u00e4ter anvertraut haben.<br>Die Implementierung von Sicherheitsma\u00dfnahmen, zum Beispiel w\u00e4hrend einer Einladung, Sie nach einer gewissen Zeit mit der gesamten oder einem Teil der Website oder einem unserer Produkte und Dienstleistungen zu verbinden.<br>Achtung, die Verweigerung der Verwendung dieser Cookies kann sich auf die Qualit\u00e4t Ihres Besuchs und die Benutzererfahrung auswirken.<\/p>\n\n\n\n<p>Um mehr \u00fcber Cookies und ihre Funktionsweise zu erfahren, besuchen Sie:&nbsp;<a href=\"http:\/\/www.allaboutcookies.org\/\" target=\"_blank\" rel=\"noreferrer noopener\">www.allaboutcookies.org<\/a><\/p>\n\n\n\n<h2 class=\"wp-block-heading\">3.NUTZUNG VON \u201eCOOKIES\u201c VON DRITTANBIETERN<\/h2>\n\n\n\n<p>Bilder und andere Objekte, die in einer Webseite enthalten sind, k\u00f6nnen sich auf Servern befinden, die sich von denen unterscheiden, auf denen die Seite gehostet wird. Um die Seite anzuzeigen, l\u00e4dt der Browser alle diese Objekte herunter. Die meisten Websites enthalten Informationen aus verschiedenen Quellen.<\/p>\n\n\n\n<p>Wenn Sie beispielsweise www.example.com in Ihrem Browser eingeben, werden auf einem Teil der Seite h\u00e4ufig Elemente oder Ank\u00fcndigungen angezeigt, die aus verschiedenen Quellen stammen, dh aus einer anderen Dom\u00e4ne als www. .beispiel.com.<\/p>\n\n\n\n<p>Der \u201eerste\u201c Teil der Cookies sind Cookies, die von der in der Adressleiste des Browsers registrierten Domain eingerichtet werden. Cookies von Drittanbietern werden von einem der Objekte auf der Seite eingerichtet, die aus einer anderen Dom\u00e4ne stammen.<\/p>\n\n\n\n<p>Standardm\u00e4\u00dfig akzeptieren Browser wie Mozilla Firefox, Microsoft Internet Explorer und Opera Cookies von Drittanbietern, aber Benutzer k\u00f6nnen Einstellungen in Browseroptionen \u00e4ndern, um sie zu blockieren.<\/p>\n\n\n\n<p>Es besteht kein Sicherheitsrisiko in Cookies von Drittanbietern, die Funktionalit\u00e4t f\u00fcr das Web erm\u00f6glichen.<\/p>\n\n\n\n<p>Diese Cookies von Drittanbietern erm\u00f6glichen uns beispielsweise die Durchf\u00fchrung von Statistiken (z. B. \u00fcber Google Analytics oder Xiti), um zielgerichtete Inhalte auf der Grundlage Ihrer Interessen, Ihrer Pr\u00e4ferenzen oder der Website Dritter bereitzustellen. Herkunft, die Sie zum Beispiel auf unsere Website weitergeleitet hat.<\/p>\n\n\n\n<p>Diese Cookies von Drittanbietern k\u00f6nnen Ihnen auch erm\u00f6glichen, den Inhalt unserer Website in sozialen Netzwerken \u00fcber die Funktionen \u201eTeilen\u201c oder \u201eGef\u00e4llt mir\u201c ganz oder teilweise zu identifizieren und zu teilen.<\/p>\n\n\n\n<p>Um mehr \u00fcber die Verwendung von Cookies durch verschiedene soziale Netzwerke zu erfahren (nicht ersch\u00f6pfende Liste), besuchen Sie:<\/p>\n\n\n\n<p>Facebook :&nbsp;<a href=\"https:\/\/www.facebook.com\/about\/ads\" target=\"_blank\" rel=\"noreferrer noopener\">https:\/\/www.facebook.com\/about\/ads<\/a><\/p>\n\n\n\n<p>Instagram :&nbsp;<a href=\"https:\/\/help.instagram.com\/1896641480634370?ref=ig\" target=\"_blank\" rel=\"noreferrer noopener\">https:\/\/help.instagram.com\/1896641480634370?ref=ig<\/a><\/p>\n\n\n\n<p>Twitter :&nbsp;<a href=\"https:\/\/support.twitter.com\/articles\/20170518\" target=\"_blank\" rel=\"noreferrer noopener\">https:\/\/support.twitter.com\/articles\/20170518<\/a><\/p>\n\n\n\n<p>Snapchat :&nbsp;<a href=\"https:\/\/www.snap.com\/fr-FR\/cookie-policy\/\" target=\"_blank\" rel=\"noreferrer noopener\">https:\/\/www.snap.com\/fr-FR\/cookie-policy\/<\/a><\/p>\n\n\n\n<p>Google+ :&nbsp;<a href=\"http:\/\/www.google.com\/policies\/technologies\/cookies\/\" target=\"_blank\" rel=\"noreferrer noopener\">http:\/\/www.google.com\/policies\/technologies\/cookies\/<\/a><\/p>\n\n\n\n<p>Pinterest :&nbsp;<a href=\"https:\/\/help.pinterest.com\/fr\/articles\/personalization-and-data\" target=\"_blank\" rel=\"noreferrer noopener\">https:\/\/help.pinterest.com\/fr\/articles\/personalization-and-data<\/a><\/p>\n\n\n\n<h2 class=\"wp-block-heading\">4.KONFIGURIEREN VON \u201eCOOKIES\u201c IN EINEM INTERNETBROWSER<\/h2>\n\n\n\n<p>Weitere Informationen zum Festlegen und Konfigurieren von Cookies in Ihrem Browser finden Sie unter den folgenden Links:<\/p>\n\n\n\n<p>Chrome\u2122:&nbsp;<a rel=\"noreferrer noopener\" href=\"http:\/\/support.google.com\/chrome\/bin\/answer.py?hl=fr&amp;hlrm=en&amp;answer=95647\" target=\"_blank\">http:\/\/support.google.com\/chrome\/bin\/answer.py?hl=fr&amp;hlrm=en&amp;answer=95647<\/a>&nbsp;;<br>Safari\u2122 :&nbsp;<a rel=\"noreferrer noopener\" href=\"http:\/\/www.apple.com\/fr\/privacy\/use-of-cookies\" target=\"_blank\">http:\/\/www.apple.com\/fr\/privacy\/use-of-cookies<\/a>&nbsp;;<br>Microsoft Edge\u2122 :&nbsp;<a rel=\"noreferrer noopener\" href=\"https:\/\/privacy.microsoft.com\/fr-fr\/windows-10-microsoft-edge-and-privacy\" target=\"_blank\">https:\/\/privacy.microsoft.com\/fr-fr\/windows-10-microsoft-edge-and-privacy<\/a>&nbsp;;<br>Firefox\u2122 :&nbsp;<a rel=\"noreferrer noopener\" href=\"http:\/\/support.mozilla.org\/fr\/kb\/Activer%20et%20d%C3%A9sactiver%20les%20cookies\" target=\"_blank\">http:\/\/support.mozilla.org\/fr\/kb\/Activer%20et%20d%C3%A9sactiver%20les%20cookies<\/a>&nbsp;;<br>Opera\u2122 :&nbsp;<a rel=\"noreferrer noopener\" href=\"http:\/\/help.opera.com\/Windows\/10.20\/fr\/cookies.html\" target=\"_blank\">http:\/\/help.opera.com\/Windows\/10.20\/fr\/cookies.html<\/a>.<br>F\u00fcr jeden anderen Browser laden wir Sie ein, die Internet-Suchmaschine Ihrer Wahl zu recherchieren oder sich an Ihren IT-Manager oder IT-L\u00f6sungsanbieter zu wenden.<\/p>\n","protected":false},"excerpt":{"rendered":"<p>1. WAS IST EIN COOKIE? Ein Cookie (oder Cookie) wird vom HTTP-Kommunikationsprotokoll als eine von einem HTTP-Server an einen HTTP-Client gesendete Informationsfolge definiert, die der HTTP-Client bei jeder Abfrage desselben HTTP-Servers unter bestimmten Bedingungen zur\u00fcckgibt. Der Cookie entspricht einer kleinen Textdatei, die auf dem Terminal des Benutzers gespeichert ist. Er wird vom Web-Server als HTTP-Header [&hellip;]<\/p>\n","protected":false},"author":1,"featured_media":0,"parent":0,"menu_order":0,"comment_status":"closed","ping_status":"closed","template":"","meta":{"_acf_changed":false,"footnotes":""},"class_list":["post-314","page","type-page","status-publish","hentry"],"acf":[],"yoast_head":"<!-- This site is optimized with the Yoast SEO plugin v27.0 - https:\/\/yoast.com\/product\/yoast-seo-wordpress\/ -->\n<title>Cookies Politik &#8226; Lovin&#039;home<\/title>\n<meta name=\"robots\" content=\"index, follow, max-snippet:-1, max-image-preview:large, max-video-preview:-1\" \/>\n<link rel=\"canonical\" href=\"https:\/\/lovinhome.lu\/lb\/cookies-politik\/\" \/>\n<meta property=\"og:locale\" content=\"en_US\" \/>\n<meta property=\"og:type\" content=\"article\" \/>\n<meta property=\"og:title\" content=\"Cookies Politik &#8226; Lovin&#039;home\" \/>\n<meta property=\"og:description\" content=\"1. WAS IST EIN COOKIE? Ein Cookie (oder Cookie) wird vom HTTP-Kommunikationsprotokoll als eine von einem HTTP-Server an einen HTTP-Client gesendete Informationsfolge definiert, die der HTTP-Client bei jeder Abfrage desselben HTTP-Servers unter bestimmten Bedingungen zur\u00fcckgibt. Der Cookie entspricht einer kleinen Textdatei, die auf dem Terminal des Benutzers gespeichert ist. Er wird vom Web-Server als HTTP-Header [&hellip;]\" \/>\n<meta property=\"og:url\" content=\"https:\/\/lovinhome.lu\/lb\/cookies-politik\/\" \/>\n<meta property=\"og:site_name\" content=\"Lovin&#039;home\" \/>\n<meta property=\"article:publisher\" content=\"https:\/\/www.facebook.com\/lovinhome\/\" \/>\n<meta property=\"article:modified_time\" content=\"2022-04-22T13:25:58+00:00\" \/>\n<meta property=\"og:image\" content=\"https:\/\/lovinhome.lu\/wp-content\/uploads\/2022\/09\/logo-lovinhome-social.jpg\" \/>\n\t<meta property=\"og:image:width\" content=\"1200\" \/>\n\t<meta property=\"og:image:height\" content=\"630\" \/>\n\t<meta property=\"og:image:type\" content=\"image\/jpeg\" \/>\n<meta name=\"twitter:card\" content=\"summary_large_image\" \/>\n<meta name=\"twitter:label1\" content=\"Est. reading time\" \/>\n\t<meta name=\"twitter:data1\" content=\"4 minutes\" \/>\n<script type=\"application\/ld+json\" class=\"yoast-schema-graph\">{\"@context\":\"https:\/\/schema.org\",\"@graph\":[{\"@type\":\"WebPage\",\"@id\":\"https:\/\/lovinhome.lu\/lb\/cookies-politik\/\",\"url\":\"https:\/\/lovinhome.lu\/lb\/cookies-politik\/\",\"name\":\"Cookies Politik &#8226; Lovin&#039;home\",\"isPartOf\":{\"@id\":\"https:\/\/lovinhome.lu\/#website\"},\"datePublished\":\"2022-04-22T09:04:52+00:00\",\"dateModified\":\"2022-04-22T13:25:58+00:00\",\"breadcrumb\":{\"@id\":\"https:\/\/lovinhome.lu\/lb\/cookies-politik\/#breadcrumb\"},\"inLanguage\":\"lb-LU\",\"potentialAction\":[{\"@type\":\"ReadAction\",\"target\":[\"https:\/\/lovinhome.lu\/lb\/cookies-politik\/\"]}]},{\"@type\":\"BreadcrumbList\",\"@id\":\"https:\/\/lovinhome.lu\/lb\/cookies-politik\/#breadcrumb\",\"itemListElement\":[{\"@type\":\"ListItem\",\"position\":1,\"name\":\"Home\",\"item\":\"https:\/\/lovinhome.lu\/lb\/\"},{\"@type\":\"ListItem\",\"position\":2,\"name\":\"Cookies Politik\"}]},{\"@type\":\"WebSite\",\"@id\":\"https:\/\/lovinhome.lu\/#website\",\"url\":\"https:\/\/lovinhome.lu\/\",\"name\":\"Lovin'Home\",\"description\":\"Lovin&#039;home, c&#039;est nous, c&#039;est vous. Lovin&#039;home, home with passion.\",\"publisher\":{\"@id\":\"https:\/\/lovinhome.lu\/#organization\"},\"alternateName\":\"LVHM\",\"potentialAction\":[{\"@type\":\"SearchAction\",\"target\":{\"@type\":\"EntryPoint\",\"urlTemplate\":\"https:\/\/lovinhome.lu\/?s={search_term_string}\"},\"query-input\":{\"@type\":\"PropertyValueSpecification\",\"valueRequired\":true,\"valueName\":\"search_term_string\"}}],\"inLanguage\":\"lb-LU\"},{\"@type\":\"Organization\",\"@id\":\"https:\/\/lovinhome.lu\/#organization\",\"name\":\"Lovin'Home\",\"alternateName\":\"LVHM\",\"url\":\"https:\/\/lovinhome.lu\/\",\"logo\":{\"@type\":\"ImageObject\",\"inLanguage\":\"lb-LU\",\"@id\":\"https:\/\/lovinhome.lu\/#\/schema\/logo\/image\/\",\"url\":\"https:\/\/lovinhome.lu\/wp-content\/uploads\/2024\/06\/lovinhome-agence-immobiliere-luxembourg-logo-carre.jpg\",\"contentUrl\":\"https:\/\/lovinhome.lu\/wp-content\/uploads\/2024\/06\/lovinhome-agence-immobiliere-luxembourg-logo-carre.jpg\",\"width\":696,\"height\":696,\"caption\":\"Lovin'Home\"},\"image\":{\"@id\":\"https:\/\/lovinhome.lu\/#\/schema\/logo\/image\/\"},\"sameAs\":[\"https:\/\/www.facebook.com\/lovinhome\/\",\"https:\/\/lu.linkedin.com\/company\/lovin-home\",\"https:\/\/www.instagram.com\/lovin.home\/\"]}]}<\/script>\n<!-- \/ Yoast SEO plugin. -->","yoast_head_json":{"title":"Cookies Politik &#8226; Lovin&#039;home","robots":{"index":"index","follow":"follow","max-snippet":"max-snippet:-1","max-image-preview":"max-image-preview:large","max-video-preview":"max-video-preview:-1"},"canonical":"https:\/\/lovinhome.lu\/lb\/cookies-politik\/","og_locale":"en_US","og_type":"article","og_title":"Cookies Politik &#8226; Lovin&#039;home","og_description":"1. WAS IST EIN COOKIE? Ein Cookie (oder Cookie) wird vom HTTP-Kommunikationsprotokoll als eine von einem HTTP-Server an einen HTTP-Client gesendete Informationsfolge definiert, die der HTTP-Client bei jeder Abfrage desselben HTTP-Servers unter bestimmten Bedingungen zur\u00fcckgibt. Der Cookie entspricht einer kleinen Textdatei, die auf dem Terminal des Benutzers gespeichert ist. Er wird vom Web-Server als HTTP-Header [&hellip;]","og_url":"https:\/\/lovinhome.lu\/lb\/cookies-politik\/","og_site_name":"Lovin&#039;home","article_publisher":"https:\/\/www.facebook.com\/lovinhome\/","article_modified_time":"2022-04-22T13:25:58+00:00","og_image":[{"width":1200,"height":630,"url":"https:\/\/lovinhome.lu\/wp-content\/uploads\/2022\/09\/logo-lovinhome-social.jpg","type":"image\/jpeg"}],"twitter_card":"summary_large_image","twitter_misc":{"Est. reading time":"4 minutes"},"schema":{"@context":"https:\/\/schema.org","@graph":[{"@type":"WebPage","@id":"https:\/\/lovinhome.lu\/lb\/cookies-politik\/","url":"https:\/\/lovinhome.lu\/lb\/cookies-politik\/","name":"Cookies Politik &#8226; Lovin&#039;home","isPartOf":{"@id":"https:\/\/lovinhome.lu\/#website"},"datePublished":"2022-04-22T09:04:52+00:00","dateModified":"2022-04-22T13:25:58+00:00","breadcrumb":{"@id":"https:\/\/lovinhome.lu\/lb\/cookies-politik\/#breadcrumb"},"inLanguage":"lb-LU","potentialAction":[{"@type":"ReadAction","target":["https:\/\/lovinhome.lu\/lb\/cookies-politik\/"]}]},{"@type":"BreadcrumbList","@id":"https:\/\/lovinhome.lu\/lb\/cookies-politik\/#breadcrumb","itemListElement":[{"@type":"ListItem","position":1,"name":"Home","item":"https:\/\/lovinhome.lu\/lb\/"},{"@type":"ListItem","position":2,"name":"Cookies Politik"}]},{"@type":"WebSite","@id":"https:\/\/lovinhome.lu\/#website","url":"https:\/\/lovinhome.lu\/","name":"Lovin'Home","description":"Lovin&#039;home, c&#039;est nous, c&#039;est vous. Lovin&#039;home, home with passion.","publisher":{"@id":"https:\/\/lovinhome.lu\/#organization"},"alternateName":"LVHM","potentialAction":[{"@type":"SearchAction","target":{"@type":"EntryPoint","urlTemplate":"https:\/\/lovinhome.lu\/?s={search_term_string}"},"query-input":{"@type":"PropertyValueSpecification","valueRequired":true,"valueName":"search_term_string"}}],"inLanguage":"lb-LU"},{"@type":"Organization","@id":"https:\/\/lovinhome.lu\/#organization","name":"Lovin'Home","alternateName":"LVHM","url":"https:\/\/lovinhome.lu\/","logo":{"@type":"ImageObject","inLanguage":"lb-LU","@id":"https:\/\/lovinhome.lu\/#\/schema\/logo\/image\/","url":"https:\/\/lovinhome.lu\/wp-content\/uploads\/2024\/06\/lovinhome-agence-immobiliere-luxembourg-logo-carre.jpg","contentUrl":"https:\/\/lovinhome.lu\/wp-content\/uploads\/2024\/06\/lovinhome-agence-immobiliere-luxembourg-logo-carre.jpg","width":696,"height":696,"caption":"Lovin'Home"},"image":{"@id":"https:\/\/lovinhome.lu\/#\/schema\/logo\/image\/"},"sameAs":["https:\/\/www.facebook.com\/lovinhome\/","https:\/\/lu.linkedin.com\/company\/lovin-home","https:\/\/www.instagram.com\/lovin.home\/"]}]}},"_links":{"self":[{"href":"https:\/\/lovinhome.lu\/lb\/wp-json\/wp\/v2\/pages\/314","targetHints":{"allow":["GET"]}}],"collection":[{"href":"https:\/\/lovinhome.lu\/lb\/wp-json\/wp\/v2\/pages"}],"about":[{"href":"https:\/\/lovinhome.lu\/lb\/wp-json\/wp\/v2\/types\/page"}],"author":[{"embeddable":true,"href":"https:\/\/lovinhome.lu\/lb\/wp-json\/wp\/v2\/users\/1"}],"replies":[{"embeddable":true,"href":"https:\/\/lovinhome.lu\/lb\/wp-json\/wp\/v2\/comments?post=314"}],"version-history":[{"count":2,"href":"https:\/\/lovinhome.lu\/lb\/wp-json\/wp\/v2\/pages\/314\/revisions"}],"predecessor-version":[{"id":316,"href":"https:\/\/lovinhome.lu\/lb\/wp-json\/wp\/v2\/pages\/314\/revisions\/316"}],"wp:attachment":[{"href":"https:\/\/lovinhome.lu\/lb\/wp-json\/wp\/v2\/media?parent=314"}],"curies":[{"name":"wp","href":"https:\/\/api.w.org\/{rel}","templated":true}]}}